{"id":8953,"date":"2025-04-09T14:15:12","date_gmt":"2025-04-09T14:15:12","guid":{"rendered":"https:\/\/cimma.it\/melange\/"},"modified":"2025-07-23T09:23:37","modified_gmt":"2025-07-23T09:23:37","slug":"melange","status":"publish","type":"page","link":"https:\/\/cimma.it\/fr\/melange\/","title":{"rendered":"M\u00e9lange"},"content":{"rendered":"\t\t<div data-elementor-type=\"wp-page\" data-elementor-id=\"8953\" class=\"elementor elementor-8953 elementor-2392\">\n\t\t\t\t<div class=\"elementor-element elementor-element-7b5cd08 e-con-full e-flex e-con e-parent\" data-id=\"7b5cd08\" data-element_type=\"container\" data-e-type=\"container\">\n\t\t<div class=\"elementor-element elementor-element-d6872c3 e-flex e-con-boxed e-con e-child\" data-id=\"d6872c3\" data-element_type=\"container\" data-e-type=\"container\" data-settings=\"{&quot;background_background&quot;:&quot;classic&quot;}\">\n\t\t\t\t\t<div class=\"e-con-inner\">\n\t\t<div class=\"elementor-element elementor-element-229d891 e-con-full e-flex elementor-invisible e-con e-child\" data-id=\"229d891\" data-element_type=\"container\" data-e-type=\"container\" data-settings=\"{&quot;animation&quot;:&quot;fadeInUp&quot;}\">\n\t\t<div class=\"elementor-element elementor-element-6d0b99c e-con-full e-flex e-con e-child\" data-id=\"6d0b99c\" data-element_type=\"container\" data-e-type=\"container\">\n\t\t\t\t<div class=\"elementor-element elementor-element-8c81c54 elementor-align-flex-start elementor-widget elementor-widget-raven-breadcrumbs\" data-id=\"8c81c54\" data-element_type=\"widget\" data-e-type=\"widget\" data-widget_type=\"raven-breadcrumbs.default\">\n\t\t\t\t<div class=\"elementor-widget-container\">\n\t\t\t\t\t<div class=\"raven-breadcrumbs raven-breadcrumbs-default\"><nav class=\"breadcrumb\">\t\t\t\t<span class=\"breadcrumb-item active\" aria-current=\"page\"><span>Accueil<\/span><\/span>\n\n\t\t\t\t<\/nav><\/div>\t\t\t\t<\/div>\n\t\t\t\t<\/div>\n\t\t\t\t<\/div>\n\t\t\t\t<div class=\"elementor-element elementor-element-b0ddc08 elementor-widget elementor-widget-heading\" data-id=\"b0ddc08\" data-element_type=\"widget\" data-e-type=\"widget\" data-widget_type=\"heading.default\">\n\t\t\t\t<div class=\"elementor-widget-container\">\n\t\t\t\t\t<h1 class=\"elementor-heading-title elementor-size-default\">Installations de m\u00e9lange industriel<\/h1>\t\t\t\t<\/div>\n\t\t\t\t<\/div>\n\t\t\t\t<div class=\"elementor-element elementor-element-d84fe29 elementor-widget elementor-widget-heading\" data-id=\"d84fe29\" data-element_type=\"widget\" data-e-type=\"widget\" data-widget_type=\"heading.default\">\n\t\t\t\t<div class=\"elementor-widget-container\">\n\t\t\t\t\t<h2 class=\"elementor-heading-title elementor-size-default\">L'homog\u00e9n\u00e9it\u00e9 parfaite de vos produits avec les solutions sur mesure de CIMMA<\/h2>\t\t\t\t<\/div>\n\t\t\t\t<\/div>\n\t\t\t\t<div class=\"elementor-element elementor-element-f2450f3 elementor-hidden-tablet elementor-hidden-mobile elementor-widget elementor-widget-text-editor\" data-id=\"f2450f3\" data-element_type=\"widget\" data-e-type=\"widget\" data-widget_type=\"text-editor.default\">\n\t\t\t\t<div class=\"elementor-widget-container\">\n\t\t\t\t\t\t\t\t\tCIMMA Morandotti S.P.A. est une r\u00e9f\u00e9rence dans la fabrication de m\u00e9langeurs de poudres sp\u00e9ciaux \u00e0 haut rendement et d\u2019installations de m\u00e9lange adapt\u00e9es aux besoins sp\u00e9cifiques des processus industriels. Notre expertise garantit la r\u00e9alisation de m\u00e9langes homog\u00e8nes et de haute qualit\u00e9, essentiels au succ\u00e8s de vos produits, qu\u2019il s\u2019agisse de produits semi finis, de produit alimentaire ou de produits agricoles.\t\t\t\t\t\t\t\t<\/div>\n\t\t\t\t<\/div>\n\t\t\t\t<\/div>\n\t\t\t\t\t<\/div>\n\t\t\t\t<\/div>\n\t\t<div class=\"elementor-element elementor-element-32e7843 elementor-hidden-desktop e-flex e-con-boxed e-con e-child\" data-id=\"32e7843\" data-element_type=\"container\" data-e-type=\"container\" data-settings=\"{&quot;background_background&quot;:&quot;classic&quot;}\">\n\t\t\t\t\t<div class=\"e-con-inner\">\n\t\t\t\t<div class=\"elementor-element elementor-element-e723684 elementor-hidden-desktop elementor-widget elementor-widget-text-editor\" data-id=\"e723684\" data-element_type=\"widget\" data-e-type=\"widget\" data-widget_type=\"text-editor.default\">\n\t\t\t\t<div class=\"elementor-widget-container\">\n\t\t\t\t\t\t\t\t\tCIMMA Morandotti S.P.A. est une r\u00e9f\u00e9rence dans la fabrication de m\u00e9langeurs de poudres sp\u00e9ciaux \u00e0 haut rendement et d\u2019installations de m\u00e9lange adapt\u00e9es aux besoins sp\u00e9cifiques des processus industriels. Notre expertise garantit la r\u00e9alisation de m\u00e9langes homog\u00e8nes et de haute qualit\u00e9, essentiels au succ\u00e8s de vos produits, qu\u2019il s\u2019agisse de produits semi finis, de produit alimentaire ou de produits agricoles.\t\t\t\t\t\t\t\t<\/div>\n\t\t\t\t<\/div>\n\t\t\t\t\t<\/div>\n\t\t\t\t<\/div>\n\t\t<div class=\"elementor-element elementor-element-764dbd4 e-flex e-con-boxed e-con e-child\" data-id=\"764dbd4\" data-element_type=\"container\" data-e-type=\"container\" data-settings=\"{&quot;background_background&quot;:&quot;classic&quot;}\">\n\t\t\t\t\t<div class=\"e-con-inner\">\n\t\t<div class=\"elementor-element elementor-element-b79dfa4 e-con-full e-flex elementor-invisible e-con e-child\" data-id=\"b79dfa4\" data-element_type=\"container\" data-e-type=\"container\" data-settings=\"{&quot;animation&quot;:&quot;fadeInUp&quot;,&quot;animation_delay&quot;:300}\">\n\t\t\t\t<div class=\"elementor-element elementor-element-643f774 elementor-widget elementor-widget-heading\" data-id=\"643f774\" data-element_type=\"widget\" data-e-type=\"widget\" data-widget_type=\"heading.default\">\n\t\t\t\t<div class=\"elementor-widget-container\">\n\t\t\t\t\t<h3 class=\"elementor-heading-title elementor-size-default\">M\u00e9langeurs et centrales de m\u00e9lange \u00e0 haut rendement CIMMA : une homog\u00e9n\u00e9it\u00e9 sur mesure pour diff\u00e9rents secteurs<\/h3>\t\t\t\t<\/div>\n\t\t\t\t<\/div>\n\t\t\t\t<div class=\"elementor-element elementor-element-bd7d0ed elementor-widget elementor-widget-text-editor\" data-id=\"bd7d0ed\" data-element_type=\"widget\" data-e-type=\"widget\" data-widget_type=\"text-editor.default\">\n\t\t\t\t<div class=\"elementor-widget-container\">\n\t\t\t\t\t\t\t\t\t<p>Nous excellons dans la fourniture de solutions personnalis\u00e9es pour le m\u00e9lange de poudres dans des secteurs cruciaux tels que l\u2019alimentation humaine et animale, les produits chimiques, la construction et les industries agroalimentaires, o\u00f9 l\u2019homog\u00e9n\u00e9it\u00e9 du produit est un facteur d\u00e9cisif. Notre amplia variedad d\u2019\u00e9quipements comprend:<\/p><ul><li>M\u00e9langeurs \u00e0 palettes \u00e0 double arbres: id\u00e9aux pour les applications n\u00e9cessitant un m\u00e9lange efficace, rapide et doux dans des secteurs tels que l&rsquo;alimentation, les produits chimiques et les aliments pour animaux.<\/li><li>Installations pour pr\u00e9m\u00e9langes : solutions compl\u00e8tes pour la production efficace de mortiers, d&rsquo;enduits et de divers produits chimiques.<\/li><\/ul>\t\t\t\t\t\t\t\t<\/div>\n\t\t\t\t<\/div>\n\t\t\t\t<div class=\"elementor-element elementor-element-3acd204 elementor-widget elementor-widget-raven-posts\" data-id=\"3acd204\" data-element_type=\"widget\" data-e-type=\"widget\" data-settings=\"{&quot;_skin&quot;:&quot;classic&quot;,&quot;classic_layout&quot;:&quot;grid&quot;,&quot;classic_columns&quot;:&quot;3&quot;,&quot;classic_columns_tablet&quot;:&quot;2&quot;,&quot;classic_columns_mobile&quot;:&quot;1&quot;,&quot;query_posts_per_page&quot;:6,&quot;query_offset&quot;:0}\" data-widget_type=\"raven-posts.classic\">\n\t\t\t\t<div class=\"elementor-widget-container\">\n\t\t\t\t\t\t\t<div class=\"raven-posts raven-grid raven-grid-3 raven-grid-mobile-1 raven-grid-tablet-2\" data-post-id=\"8953\" data-archive-query=\"\" data-lang=\"\">\n\t\t\t\t<div class=\"raven-grid-item raven-post-item post-9331 macchine-e-impianti type-macchine-e-impianti status-publish has-post-thumbnail hentry soluzioni-tecnologie-melange\">\n\t\t\t<div class=\"raven-post\">\n\t\t\t\t\t\t<div class=\"raven-post-image-wrap\">\n\t\t\t<a class=\"raven-post-image raven-image-fit\" href=\"https:\/\/cimma.it\/fr\/macchine-e-impianti\/melangeur-a-palettes-a-deux-arbres-tp-mix\/\"><img fetchpriority=\"high\" decoding=\"async\" width=\"1024\" height=\"768\" src=\"https:\/\/cimma.it\/wp-content\/uploads\/2025\/04\/cimma-miscelazione-mescolatore-bialbero-tpmix-impianto-di-miscela-1024x768.webp\" class=\"attachment-large size-large wp-image-8783\" alt=\"mescolatore TPmix\" srcset=\"https:\/\/cimma.it\/wp-content\/uploads\/2025\/04\/cimma-miscelazione-mescolatore-bialbero-tpmix-impianto-di-miscela-1024x768.webp 1024w, https:\/\/cimma.it\/wp-content\/uploads\/2025\/04\/cimma-miscelazione-mescolatore-bialbero-tpmix-impianto-di-miscela-300x225.webp 300w, https:\/\/cimma.it\/wp-content\/uploads\/2025\/04\/cimma-miscelazione-mescolatore-bialbero-tpmix-impianto-di-miscela-768x576.webp 768w, https:\/\/cimma.it\/wp-content\/uploads\/2025\/04\/cimma-miscelazione-mescolatore-bialbero-tpmix-impianto-di-miscela-1536x1152.webp 1536w, https:\/\/cimma.it\/wp-content\/uploads\/2025\/04\/cimma-miscelazione-mescolatore-bialbero-tpmix-impianto-di-miscela.webp 2048w\" sizes=\"(max-width: 1024px) 100vw, 1024px\" \/> <span class=\"raven-post-image-overlay\"><\/span><\/a>\t\t<\/div>\n\t\t\t\t\t\t<div class=\"raven-post-content\">\n\t\t\t\t\t<h3 class=\"raven-post-title\"><a class=\"raven-post-title-link\" href=\"https:\/\/cimma.it\/fr\/macchine-e-impianti\/melangeur-a-palettes-a-deux-arbres-tp-mix\/\">M\u00e9langeur \u00e0 palettes \u00e0 deux arbres TP MIX<\/a><\/h3><div class=\"raven-post-excerpt\">Le m\u00e9langeur \u00e0 pales \u00e0 double arbre TP MIX garantit des m\u00e9langes homog\u00e8nes en moins de 60 secondes, m\u00eame avec des micro-additifs. Id\u00e9al pour les mat\u00e9riaux fragiles et les liquides visqueux, il convient \u00e0 de nombreuses industries. Construction robuste, faible consommation d'\u00e9nergie, entretien facile et d\u00e9chargement rapide sans s\u00e9gr\u00e9gation.  <br><br><strong>Capacit\u00e9 nominale :<\/strong> lots de 20 \u00e0 5 000 litres<\/div>\t\t<div class=\"raven-post-read-more\">\n\t\t\t<a class=\"raven-post-button\" href=\"https:\/\/cimma.it\/fr\/macchine-e-impianti\/melangeur-a-palettes-a-deux-arbres-tp-mix\/\"><span class=\"raven-post-button-text\">Vai alla scheda<\/span><\/a>\n\t\t<\/div>\n\t\t\t\t\t\t<\/div>\n\t\t\t<\/div>\n\t\t<\/div>\n\t\t\t\t<\/div>\n\t\t\t\t\t\t<\/div>\n\t\t\t\t<\/div>\n\t\t\t\t<\/div>\n\t\t\t\t\t<\/div>\n\t\t\t\t<\/div>\n\t\t<div class=\"elementor-element elementor-element-96c635b e-flex e-con-boxed e-con e-child\" data-id=\"96c635b\" data-element_type=\"container\" data-e-type=\"container\" data-settings=\"{&quot;background_background&quot;:&quot;classic&quot;}\">\n\t\t\t\t\t<div class=\"e-con-inner\">\n\t\t\t\t<div class=\"elementor-element elementor-element-149098e elementor-invisible elementor-widget elementor-widget-text-editor\" data-id=\"149098e\" data-element_type=\"widget\" data-e-type=\"widget\" data-settings=\"{&quot;_animation&quot;:&quot;fadeInRight&quot;}\" data-widget_type=\"text-editor.default\">\n\t\t\t\t<div class=\"elementor-widget-container\">\n\t\t\t\t\t\t\t\t\t<p>\u00ab\u00a0Combinez les ingr\u00e9dients avec comp\u00e9tence et contr\u00f4le. Les solutions de m\u00e9lange CIMMA transforment vos poudres en produits d&rsquo;excellence.\u00a0\u00bb<\/p>\t\t\t\t\t\t\t\t<\/div>\n\t\t\t\t<\/div>\n\t\t\t\t\t<\/div>\n\t\t\t\t<\/div>\n\t\t<div class=\"elementor-element elementor-element-78e7e3f e-flex e-con-boxed e-con e-child\" data-id=\"78e7e3f\" data-element_type=\"container\" data-e-type=\"container\">\n\t\t\t\t\t<div class=\"e-con-inner\">\n\t\t<div class=\"elementor-element elementor-element-a482a59 e-con-full e-flex elementor-invisible e-con e-child\" data-id=\"a482a59\" data-element_type=\"container\" data-e-type=\"container\" data-settings=\"{&quot;animation&quot;:&quot;fadeInRight&quot;}\">\n\t\t\t\t<div class=\"elementor-element elementor-element-ce60c42 elementor-widget elementor-widget-heading\" data-id=\"ce60c42\" data-element_type=\"widget\" data-e-type=\"widget\" data-widget_type=\"heading.default\">\n\t\t\t\t<div class=\"elementor-widget-container\">\n\t\t\t\t\t<h3 class=\"elementor-heading-title elementor-size-default\">Installations int\u00e9gr\u00e9es et flexibles : la technologie au service d'un m\u00e9lange optimal<\/h3>\t\t\t\t<\/div>\n\t\t\t\t<\/div>\n\t\t\t\t<div class=\"elementor-element elementor-element-c383b55 elementor-widget elementor-widget-text-editor\" data-id=\"c383b55\" data-element_type=\"widget\" data-e-type=\"widget\" data-widget_type=\"text-editor.default\">\n\t\t\t\t<div class=\"elementor-widget-container\">\n\t\t\t\t\t\t\t\t\t<p>Nos usines int\u00e8grent des technologies de pointe pour la manipulation compl\u00e8te des poudres, y compris le transport, le stockage, le dosage pr\u00e9cis et l\u2019\u00e9tape cruciale du m\u00e9lange.<\/p><p>Nous proposons des syst\u00e8mes multifonctionnels caract\u00e9ris\u00e9s par une grande flexibilit\u00e9, capables de s\u2019adapter \u00e0 diff\u00e9rentes formulations et volumes de production. Chaque projet est soigneusement d\u00e9velopp\u00e9 en fonction des exigences sp\u00e9cifiques du client, ce qui garantit des solutions optimis\u00e9es pour chaque secteur industriel et chaque industrie de transformation.<\/p>\t\t\t\t\t\t\t\t<\/div>\n\t\t\t\t<\/div>\n\t\t\t\t<div class=\"elementor-element elementor-element-9afac62 elementor-widget elementor-widget-heading\" data-id=\"9afac62\" data-element_type=\"widget\" data-e-type=\"widget\" data-widget_type=\"heading.default\">\n\t\t\t\t<div class=\"elementor-widget-container\">\n\t\t\t\t\t<h3 class=\"elementor-heading-title elementor-size-default\">Des solutions personnalis\u00e9es et flexibles<\/h3>\t\t\t\t<\/div>\n\t\t\t\t<\/div>\n\t\t\t\t<div class=\"elementor-element elementor-element-0e1ac89 elementor-widget elementor-widget-text-editor\" data-id=\"0e1ac89\" data-element_type=\"widget\" data-e-type=\"widget\" data-widget_type=\"text-editor.default\">\n\t\t\t\t<div class=\"elementor-widget-container\">\n\t\t\t\t\t\t\t\t\t<p>Notre \u00e9quipe technique, forte d&rsquo;une solide exp\u00e9rience en recherche et d\u00e9veloppement, vous accompagne \u00e0 chaque \u00e9tape du projet : des essais pr\u00e9liminaires pour v\u00e9rifier l&rsquo;efficacit\u00e9 du m\u00e9lange, \u00e0 la d\u00e9finition de la solution la mieux adapt\u00e9e \u00e0 vos besoins. Cet engagement constant garantit une fiabilit\u00e9 et des performances maximales de votre installation de m\u00e9lange. Notre engagement a fait de nous un partenaire de confiance pour les principaux fabricants de mortiers, de pl\u00e2tres et d&rsquo;autres produits de construction.  <\/p>\t\t\t\t\t\t\t\t<\/div>\n\t\t\t\t<\/div>\n\t\t\t\t<\/div>\n\t\t<div class=\"elementor-element elementor-element-8e30e10 e-con-full animated-fast e-flex elementor-invisible e-con e-child\" data-id=\"8e30e10\" data-element_type=\"container\" data-e-type=\"container\" data-settings=\"{&quot;animation&quot;:&quot;fadeInUp&quot;}\">\n\t\t\t\t<div class=\"elementor-element elementor-element-55630cf elementor-widget elementor-widget-image\" data-id=\"55630cf\" data-element_type=\"widget\" data-e-type=\"widget\" data-widget_type=\"image.default\">\n\t\t\t\t<div class=\"elementor-widget-container\">\n\t\t\t\t\t\t\t\t\t\t\t\t\t\t\t<img decoding=\"async\" width=\"1024\" height=\"768\" src=\"https:\/\/cimma.it\/wp-content\/uploads\/2025\/07\/cimma-mescolazione-1024x768.webp\" class=\"attachment-large size-large wp-image-8816\" alt=\"Particolare del sistema di mescolazione industriale Cimma\" srcset=\"https:\/\/cimma.it\/wp-content\/uploads\/2025\/07\/cimma-mescolazione-1024x768.webp 1024w, https:\/\/cimma.it\/wp-content\/uploads\/2025\/07\/cimma-mescolazione-300x225.webp 300w, https:\/\/cimma.it\/wp-content\/uploads\/2025\/07\/cimma-mescolazione-768x576.webp 768w, https:\/\/cimma.it\/wp-content\/uploads\/2025\/07\/cimma-mescolazione-1536x1152.webp 1536w, https:\/\/cimma.it\/wp-content\/uploads\/2025\/07\/cimma-mescolazione.webp 2048w\" sizes=\"(max-width: 1024px) 100vw, 1024px\" \/>\t\t\t\t\t\t\t\t\t\t\t\t\t\t\t<\/div>\n\t\t\t\t<\/div>\n\t\t\t\t<\/div>\n\t\t\t\t\t<\/div>\n\t\t\t\t<\/div>\n\t\t\t\t<\/div>\n\t\t\t\t<\/div>\n\t\t","protected":false},"excerpt":{"rendered":"Casa Installations de m\u00e9lange industriel L&rsquo;homog\u00e9n\u00e9it\u00e9 parfaite de vos produits avec les solutions sur mesure de CIMMA CIMMA Morandotti S.P.A. est une r\u00e9f\u00e9rence dans la fabrication de m\u00e9langeurs de poudres sp\u00e9ciaux \u00e0 haut rendement et d\u2019installations de m\u00e9lange adapt\u00e9es aux besoins sp\u00e9cifiques des processus industriels. Notre expertise garantit la r\u00e9alisation de m\u00e9langes homog\u00e8nes et de [&hellip;]\n","protected":false},"author":1,"featured_media":8816,"parent":0,"menu_order":0,"comment_status":"closed","ping_status":"closed","template":"full-width.php","meta":{"_acf_changed":false,"footnotes":""},"class_list":["post-8953","page","type-page","status-publish","has-post-thumbnail","hentry"],"acf":[],"yoast_head":"<!-- This site is optimized with the Yoast SEO plugin v27.2 - https:\/\/yoast.com\/product\/yoast-seo-wordpress\/ -->\n<title>Installations de m\u00e9lange industriel - Cimma Morandotti S.P.A.<\/title>\n<meta name=\"description\" content=\"CIMMA con\u00e7oit des m\u00e9langeurs \u00e0 palettes \u00e0 deux arbres tr\u00e8s efficaces pour les poudres et les pr\u00e9m\u00e9langes, id\u00e9aux pour une production rapide et homog\u00e8ne.\" \/>\n<meta name=\"robots\" content=\"index, follow, max-snippet:-1, max-image-preview:large, max-video-preview:-1\" \/>\n<link rel=\"canonical\" href=\"https:\/\/cimma.it\/fr\/melange\/\" \/>\n<meta property=\"og:locale\" content=\"fr_FR\" \/>\n<meta property=\"og:type\" content=\"article\" \/>\n<meta property=\"og:title\" content=\"Installations de m\u00e9lange industriel - Cimma Morandotti S.P.A.\" \/>\n<meta property=\"og:description\" content=\"CIMMA con\u00e7oit des m\u00e9langeurs \u00e0 palettes \u00e0 deux arbres tr\u00e8s efficaces pour les poudres et les pr\u00e9m\u00e9langes, id\u00e9aux pour une production rapide et homog\u00e8ne.\" \/>\n<meta property=\"og:url\" content=\"https:\/\/cimma.it\/fr\/melange\/\" \/>\n<meta property=\"og:site_name\" content=\"Cimma Morandotti S.P.A.\" \/>\n<meta property=\"article:modified_time\" content=\"2025-07-23T09:23:37+00:00\" \/>\n<meta property=\"og:image\" content=\"https:\/\/cimma.it\/wp-content\/uploads\/2025\/07\/cimma-mescolazione.webp\" \/>\n\t<meta property=\"og:image:width\" content=\"2048\" \/>\n\t<meta property=\"og:image:height\" content=\"1536\" \/>\n\t<meta property=\"og:image:type\" content=\"image\/webp\" \/>\n<meta name=\"twitter:card\" content=\"summary_large_image\" \/>\n<meta name=\"twitter:label1\" content=\"Dur\u00e9e de lecture estim\u00e9e\" \/>\n\t<meta name=\"twitter:data1\" content=\"3 minutes\" \/>\n<script type=\"application\/ld+json\" class=\"yoast-schema-graph\">{\"@context\":\"https:\/\/schema.org\",\"@graph\":[{\"@type\":\"WebPage\",\"@id\":\"https:\/\/cimma.it\/fr\/melange\/\",\"url\":\"https:\/\/cimma.it\/fr\/melange\/\",\"name\":\"Installations de m\u00e9lange industriel - Cimma Morandotti S.P.A.\",\"isPartOf\":{\"@id\":\"https:\/\/cimma.it\/fr\/#website\"},\"primaryImageOfPage\":{\"@id\":\"https:\/\/cimma.it\/fr\/melange\/#primaryimage\"},\"image\":{\"@id\":\"https:\/\/cimma.it\/fr\/melange\/#primaryimage\"},\"thumbnailUrl\":\"https:\/\/cimma.it\/wp-content\/uploads\/2025\/07\/cimma-mescolazione.webp\",\"datePublished\":\"2025-04-09T14:15:12+00:00\",\"dateModified\":\"2025-07-23T09:23:37+00:00\",\"description\":\"CIMMA con\u00e7oit des m\u00e9langeurs \u00e0 palettes \u00e0 deux arbres tr\u00e8s efficaces pour les poudres et les pr\u00e9m\u00e9langes, id\u00e9aux pour une production rapide et homog\u00e8ne.\",\"breadcrumb\":{\"@id\":\"https:\/\/cimma.it\/fr\/melange\/#breadcrumb\"},\"inLanguage\":\"fr-FR\",\"potentialAction\":[{\"@type\":\"ReadAction\",\"target\":[\"https:\/\/cimma.it\/fr\/melange\/\"]}]},{\"@type\":\"ImageObject\",\"inLanguage\":\"fr-FR\",\"@id\":\"https:\/\/cimma.it\/fr\/melange\/#primaryimage\",\"url\":\"https:\/\/cimma.it\/wp-content\/uploads\/2025\/07\/cimma-mescolazione.webp\",\"contentUrl\":\"https:\/\/cimma.it\/wp-content\/uploads\/2025\/07\/cimma-mescolazione.webp\",\"width\":2048,\"height\":1536,\"caption\":\"Particolare del sistema di mescolazione industriale Cimma\"},{\"@type\":\"BreadcrumbList\",\"@id\":\"https:\/\/cimma.it\/fr\/melange\/#breadcrumb\",\"itemListElement\":[{\"@type\":\"ListItem\",\"position\":1,\"name\":\"Home\",\"item\":\"https:\/\/cimma.it\/fr\/\"},{\"@type\":\"ListItem\",\"position\":2,\"name\":\"M\u00e9lange\"}]},{\"@type\":\"WebSite\",\"@id\":\"https:\/\/cimma.it\/fr\/#website\",\"url\":\"https:\/\/cimma.it\/fr\/\",\"name\":\"Cimma Morandotti S.P.A.\",\"description\":\"Progettazione e costruzione di macchine e impianti per la tecnologia delle polveri\",\"publisher\":{\"@id\":\"https:\/\/cimma.it\/fr\/#organization\"},\"alternateName\":\"Cimma Morandotti S.P.A.\",\"potentialAction\":[{\"@type\":\"SearchAction\",\"target\":{\"@type\":\"EntryPoint\",\"urlTemplate\":\"https:\/\/cimma.it\/fr\/?s={search_term_string}\"},\"query-input\":{\"@type\":\"PropertyValueSpecification\",\"valueRequired\":true,\"valueName\":\"search_term_string\"}}],\"inLanguage\":\"fr-FR\"},{\"@type\":\"Organization\",\"@id\":\"https:\/\/cimma.it\/fr\/#organization\",\"name\":\"Cimma Morandotti S.P.A.\",\"alternateName\":\"Cimma Morandotti S.P.A.\",\"url\":\"https:\/\/cimma.it\/fr\/\",\"logo\":{\"@type\":\"ImageObject\",\"inLanguage\":\"fr-FR\",\"@id\":\"https:\/\/cimma.it\/fr\/#\/schema\/logo\/image\/\",\"url\":\"https:\/\/cimma.it\/wp-content\/uploads\/2025\/07\/cimma_logo_C.png\",\"contentUrl\":\"https:\/\/cimma.it\/wp-content\/uploads\/2025\/07\/cimma_logo_C.png\",\"width\":1733,\"height\":1733,\"caption\":\"Cimma Morandotti S.P.A.\"},\"image\":{\"@id\":\"https:\/\/cimma.it\/fr\/#\/schema\/logo\/image\/\"},\"sameAs\":[\"https:\/\/it.linkedin.com\/company\/cimma-ing-morandotti-c-srl\"]}]}<\/script>\n<!-- \/ Yoast SEO plugin. -->","yoast_head_json":{"title":"Installations de m\u00e9lange industriel - Cimma Morandotti S.P.A.","description":"CIMMA con\u00e7oit des m\u00e9langeurs \u00e0 palettes \u00e0 deux arbres tr\u00e8s efficaces pour les poudres et les pr\u00e9m\u00e9langes, id\u00e9aux pour une production rapide et homog\u00e8ne.","robots":{"index":"index","follow":"follow","max-snippet":"max-snippet:-1","max-image-preview":"max-image-preview:large","max-video-preview":"max-video-preview:-1"},"canonical":"https:\/\/cimma.it\/fr\/melange\/","og_locale":"fr_FR","og_type":"article","og_title":"Installations de m\u00e9lange industriel - Cimma Morandotti S.P.A.","og_description":"CIMMA con\u00e7oit des m\u00e9langeurs \u00e0 palettes \u00e0 deux arbres tr\u00e8s efficaces pour les poudres et les pr\u00e9m\u00e9langes, id\u00e9aux pour une production rapide et homog\u00e8ne.","og_url":"https:\/\/cimma.it\/fr\/melange\/","og_site_name":"Cimma Morandotti S.P.A.","article_modified_time":"2025-07-23T09:23:37+00:00","og_image":[{"width":2048,"height":1536,"url":"https:\/\/cimma.it\/wp-content\/uploads\/2025\/07\/cimma-mescolazione.webp","type":"image\/webp"}],"twitter_card":"summary_large_image","twitter_misc":{"Dur\u00e9e de lecture estim\u00e9e":"3 minutes"},"schema":{"@context":"https:\/\/schema.org","@graph":[{"@type":"WebPage","@id":"https:\/\/cimma.it\/fr\/melange\/","url":"https:\/\/cimma.it\/fr\/melange\/","name":"Installations de m\u00e9lange industriel - Cimma Morandotti S.P.A.","isPartOf":{"@id":"https:\/\/cimma.it\/fr\/#website"},"primaryImageOfPage":{"@id":"https:\/\/cimma.it\/fr\/melange\/#primaryimage"},"image":{"@id":"https:\/\/cimma.it\/fr\/melange\/#primaryimage"},"thumbnailUrl":"https:\/\/cimma.it\/wp-content\/uploads\/2025\/07\/cimma-mescolazione.webp","datePublished":"2025-04-09T14:15:12+00:00","dateModified":"2025-07-23T09:23:37+00:00","description":"CIMMA con\u00e7oit des m\u00e9langeurs \u00e0 palettes \u00e0 deux arbres tr\u00e8s efficaces pour les poudres et les pr\u00e9m\u00e9langes, id\u00e9aux pour une production rapide et homog\u00e8ne.","breadcrumb":{"@id":"https:\/\/cimma.it\/fr\/melange\/#breadcrumb"},"inLanguage":"fr-FR","potentialAction":[{"@type":"ReadAction","target":["https:\/\/cimma.it\/fr\/melange\/"]}]},{"@type":"ImageObject","inLanguage":"fr-FR","@id":"https:\/\/cimma.it\/fr\/melange\/#primaryimage","url":"https:\/\/cimma.it\/wp-content\/uploads\/2025\/07\/cimma-mescolazione.webp","contentUrl":"https:\/\/cimma.it\/wp-content\/uploads\/2025\/07\/cimma-mescolazione.webp","width":2048,"height":1536,"caption":"Particolare del sistema di mescolazione industriale Cimma"},{"@type":"BreadcrumbList","@id":"https:\/\/cimma.it\/fr\/melange\/#breadcrumb","itemListElement":[{"@type":"ListItem","position":1,"name":"Home","item":"https:\/\/cimma.it\/fr\/"},{"@type":"ListItem","position":2,"name":"M\u00e9lange"}]},{"@type":"WebSite","@id":"https:\/\/cimma.it\/fr\/#website","url":"https:\/\/cimma.it\/fr\/","name":"Cimma Morandotti S.P.A.","description":"Progettazione e costruzione di macchine e impianti per la tecnologia delle polveri","publisher":{"@id":"https:\/\/cimma.it\/fr\/#organization"},"alternateName":"Cimma Morandotti S.P.A.","potentialAction":[{"@type":"SearchAction","target":{"@type":"EntryPoint","urlTemplate":"https:\/\/cimma.it\/fr\/?s={search_term_string}"},"query-input":{"@type":"PropertyValueSpecification","valueRequired":true,"valueName":"search_term_string"}}],"inLanguage":"fr-FR"},{"@type":"Organization","@id":"https:\/\/cimma.it\/fr\/#organization","name":"Cimma Morandotti S.P.A.","alternateName":"Cimma Morandotti S.P.A.","url":"https:\/\/cimma.it\/fr\/","logo":{"@type":"ImageObject","inLanguage":"fr-FR","@id":"https:\/\/cimma.it\/fr\/#\/schema\/logo\/image\/","url":"https:\/\/cimma.it\/wp-content\/uploads\/2025\/07\/cimma_logo_C.png","contentUrl":"https:\/\/cimma.it\/wp-content\/uploads\/2025\/07\/cimma_logo_C.png","width":1733,"height":1733,"caption":"Cimma Morandotti S.P.A."},"image":{"@id":"https:\/\/cimma.it\/fr\/#\/schema\/logo\/image\/"},"sameAs":["https:\/\/it.linkedin.com\/company\/cimma-ing-morandotti-c-srl"]}]}},"_links":{"self":[{"href":"https:\/\/cimma.it\/fr\/wp-json\/wp\/v2\/pages\/8953","targetHints":{"allow":["GET"]}}],"collection":[{"href":"https:\/\/cimma.it\/fr\/wp-json\/wp\/v2\/pages"}],"about":[{"href":"https:\/\/cimma.it\/fr\/wp-json\/wp\/v2\/types\/page"}],"author":[{"embeddable":true,"href":"https:\/\/cimma.it\/fr\/wp-json\/wp\/v2\/users\/1"}],"replies":[{"embeddable":true,"href":"https:\/\/cimma.it\/fr\/wp-json\/wp\/v2\/comments?post=8953"}],"version-history":[{"count":0,"href":"https:\/\/cimma.it\/fr\/wp-json\/wp\/v2\/pages\/8953\/revisions"}],"wp:featuredmedia":[{"embeddable":true,"href":"https:\/\/cimma.it\/fr\/wp-json\/wp\/v2\/media\/8816"}],"wp:attachment":[{"href":"https:\/\/cimma.it\/fr\/wp-json\/wp\/v2\/media?parent=8953"}],"curies":[{"name":"wp","href":"https:\/\/api.w.org\/{rel}","templated":true}]}}