{"id":8910,"date":"2021-02-25T10:53:28","date_gmt":"2021-02-25T10:53:28","guid":{"rendered":"https:\/\/cimma.it\/ponte-en-contacto-con\/"},"modified":"2025-07-16T13:25:58","modified_gmt":"2025-07-16T13:25:58","slug":"contacte-con-nosotros","status":"publish","type":"page","link":"https:\/\/cimma.it\/es\/contacte-con-nosotros\/","title":{"rendered":"Ponte en contacto con"},"content":{"rendered":"\t\t<div data-elementor-type=\"wp-page\" data-elementor-id=\"8910\" class=\"elementor elementor-8910 elementor-100\">\n\t\t\t\t<div class=\"elementor-element elementor-element-59488a5 e-flex e-con-boxed e-con e-parent\" data-id=\"59488a5\" data-element_type=\"container\" data-e-type=\"container\" data-settings=\"{&quot;background_background&quot;:&quot;classic&quot;}\">\n\t\t\t\t\t<div class=\"e-con-inner\">\n\t\t<div class=\"elementor-element elementor-element-23da8b1 e-con-full e-flex e-con e-child\" data-id=\"23da8b1\" data-element_type=\"container\" data-e-type=\"container\">\n\t\t<div class=\"elementor-element elementor-element-4c591cd e-con-full e-flex e-con e-child\" data-id=\"4c591cd\" data-element_type=\"container\" data-e-type=\"container\">\n\t\t\t\t<div class=\"elementor-element elementor-element-0be33e8 elementor-align-flex-start elementor-widget elementor-widget-raven-breadcrumbs\" data-id=\"0be33e8\" data-element_type=\"widget\" data-e-type=\"widget\" data-widget_type=\"raven-breadcrumbs.default\">\n\t\t\t\t<div class=\"elementor-widget-container\">\n\t\t\t\t\t<div class=\"raven-breadcrumbs raven-breadcrumbs-default\"><nav class=\"breadcrumb\">\t\t\t\t<span class=\"breadcrumb-item active\" aria-current=\"page\"><span>Inicio<\/span><\/span>\n\n\t\t\t\t<\/nav><\/div>\t\t\t\t<\/div>\n\t\t\t\t<\/div>\n\t\t\t\t<\/div>\n\t\t\t\t<div class=\"elementor-element elementor-element-90d76a2 elementor-invisible elementor-widget elementor-widget-raven-post-title\" data-id=\"90d76a2\" data-element_type=\"widget\" data-e-type=\"widget\" data-settings=\"{&quot;_animation&quot;:&quot;fadeInUp&quot;}\" data-widget_type=\"raven-post-title.default\">\n\t\t\t\t<div class=\"elementor-widget-container\">\n\t\t\t\t\t<h1 class=\"raven-post-title\">Ponte en contacto con<\/h1>\t\t\t\t<\/div>\n\t\t\t\t<\/div>\n\t\t\t\t<\/div>\n\t\t\t\t\t<\/div>\n\t\t\t\t<\/div>\n\t\t<div class=\"elementor-element elementor-element-c08efd9 e-flex e-con-boxed e-con e-parent\" data-id=\"c08efd9\" data-element_type=\"container\" data-e-type=\"container\" id=\"form\">\n\t\t\t\t\t<div class=\"e-con-inner\">\n\t\t<div class=\"elementor-element elementor-element-97699b3 e-con-full e-flex elementor-invisible e-con e-child\" data-id=\"97699b3\" data-element_type=\"container\" data-e-type=\"container\" data-settings=\"{&quot;animation&quot;:&quot;fadeInLeft&quot;}\">\n\t\t\t\t<div class=\"elementor-element elementor-element-5794a1f elementor-widget elementor-widget-heading\" data-id=\"5794a1f\" data-element_type=\"widget\" data-e-type=\"widget\" data-widget_type=\"heading.default\">\n\t\t\t\t<div class=\"elementor-widget-container\">\n\t\t\t\t\t<p class=\"elementor-heading-title elementor-size-default\">Dir\u00edgete a nosotros<\/p>\t\t\t\t<\/div>\n\t\t\t\t<\/div>\n\t\t\t\t<div class=\"elementor-element elementor-element-14bf61e elementor-widget elementor-widget-heading\" data-id=\"14bf61e\" data-element_type=\"widget\" data-e-type=\"widget\" data-widget_type=\"heading.default\">\n\t\t\t\t<div class=\"elementor-widget-container\">\n\t\t\t\t\t<h3 class=\"elementor-heading-title elementor-size-default\">Siempre estamos dispuestos a escucharte y responder a tus necesidades.<\/h3>\t\t\t\t<\/div>\n\t\t\t\t<\/div>\n\t\t<div class=\"elementor-element elementor-element-b8b786c e-grid e-con-full e-con e-child\" data-id=\"b8b786c\" data-element_type=\"container\" data-e-type=\"container\">\n\t\t<div class=\"elementor-element elementor-element-1ac12f5 e-con-full e-flex elementor-invisible e-con e-child\" data-id=\"1ac12f5\" data-element_type=\"container\" data-e-type=\"container\" data-settings=\"{&quot;animation&quot;:&quot;fadeInUp&quot;}\">\n\t\t\t\t<div class=\"elementor-element elementor-element-8a64a11 elementor-widget elementor-widget-heading\" data-id=\"8a64a11\" data-element_type=\"widget\" data-e-type=\"widget\" data-widget_type=\"heading.default\">\n\t\t\t\t<div class=\"elementor-widget-container\">\n\t\t\t\t\t<p class=\"elementor-heading-title elementor-size-default\">Sede central<\/p>\t\t\t\t<\/div>\n\t\t\t\t<\/div>\n\t\t\t\t<div class=\"elementor-element elementor-element-5614cf8 elementor-widget elementor-widget-text-editor\" data-id=\"5614cf8\" data-element_type=\"widget\" data-e-type=\"widget\" data-widget_type=\"text-editor.default\">\n\t\t\t\t<div class=\"elementor-widget-container\">\n\t\t\t\t\t\t\t\t\tVia Quaglino, 14\/16<br>27100 Pav\u00eda\t\t\t\t\t\t\t\t<\/div>\n\t\t\t\t<\/div>\n\t\t\t\t<\/div>\n\t\t<div class=\"elementor-element elementor-element-c7c9c1e e-con-full e-flex elementor-invisible e-con e-child\" data-id=\"c7c9c1e\" data-element_type=\"container\" data-e-type=\"container\" data-settings=\"{&quot;animation&quot;:&quot;fadeInUp&quot;,&quot;animation_delay&quot;:300}\">\n\t\t\t\t<div class=\"elementor-element elementor-element-3e77215 elementor-widget elementor-widget-heading\" data-id=\"3e77215\" data-element_type=\"widget\" data-e-type=\"widget\" data-widget_type=\"heading.default\">\n\t\t\t\t<div class=\"elementor-widget-container\">\n\t\t\t\t\t<p class=\"elementor-heading-title elementor-size-default\">Tel\u00e9fono<\/p>\t\t\t\t<\/div>\n\t\t\t\t<\/div>\n\t\t\t\t<div class=\"elementor-element elementor-element-03fc45f elementor-widget elementor-widget-text-editor\" data-id=\"03fc45f\" data-element_type=\"widget\" data-e-type=\"widget\" data-widget_type=\"text-editor.default\">\n\t\t\t\t<div class=\"elementor-widget-container\">\n\t\t\t\t\t\t\t\t\tTel. (+39) 0382.422012\t\t\t\t\t\t\t\t<\/div>\n\t\t\t\t<\/div>\n\t\t\t\t<\/div>\n\t\t<div class=\"elementor-element elementor-element-7da5fc5 e-con-full e-flex elementor-invisible e-con e-child\" data-id=\"7da5fc5\" data-element_type=\"container\" data-e-type=\"container\" data-settings=\"{&quot;animation&quot;:&quot;fadeInUp&quot;,&quot;animation_delay&quot;:600}\">\n\t\t\t\t<div class=\"elementor-element elementor-element-5218b64 elementor-widget elementor-widget-heading\" data-id=\"5218b64\" data-element_type=\"widget\" data-e-type=\"widget\" data-widget_type=\"heading.default\">\n\t\t\t\t<div class=\"elementor-widget-container\">\n\t\t\t\t\t<p class=\"elementor-heading-title elementor-size-default\">Env\u00eda un correo electr\u00f3nico a<\/p>\t\t\t\t<\/div>\n\t\t\t\t<\/div>\n\t\t\t\t<div class=\"elementor-element elementor-element-ce75b5c elementor-widget elementor-widget-text-editor\" data-id=\"ce75b5c\" data-element_type=\"widget\" data-e-type=\"widget\" data-widget_type=\"text-editor.default\">\n\t\t\t\t<div class=\"elementor-widget-container\">\n\t\t\t\t\t\t\t\t\tcommerciale@cimma.it\t\t\t\t\t\t\t\t<\/div>\n\t\t\t\t<\/div>\n\t\t\t\t<\/div>\n\t\t<div class=\"elementor-element elementor-element-90875e8 e-con-full e-flex elementor-invisible e-con e-child\" data-id=\"90875e8\" data-element_type=\"container\" data-e-type=\"container\" data-settings=\"{&quot;animation&quot;:&quot;fadeInUp&quot;,&quot;animation_delay&quot;:900}\">\n\t\t\t\t<div class=\"elementor-element elementor-element-7bd849e elementor-widget elementor-widget-heading\" data-id=\"7bd849e\" data-element_type=\"widget\" data-e-type=\"widget\" data-widget_type=\"heading.default\">\n\t\t\t\t<div class=\"elementor-widget-container\">\n\t\t\t\t\t<p class=\"elementor-heading-title elementor-size-default\">Mantente al d\u00eda<\/p>\t\t\t\t<\/div>\n\t\t\t\t<\/div>\n\t\t\t\t<div class=\"elementor-element elementor-element-4ec8191 elementor-view-default elementor-widget elementor-widget-icon\" data-id=\"4ec8191\" data-element_type=\"widget\" data-e-type=\"widget\" data-widget_type=\"icon.default\">\n\t\t\t\t<div class=\"elementor-widget-container\">\n\t\t\t\t\t\t\t<div class=\"elementor-icon-wrapper\">\n\t\t\t<a class=\"elementor-icon\" href=\"https:\/\/www.linkedin.com\/company\/cimma-ing-morandotti-c-srl\/\" target=\"_blank\">\n\t\t\t<svg aria-hidden=\"true\" class=\"e-font-icon-svg e-fab-linkedin-in\" viewBox=\"0 0 448 512\" xmlns=\"http:\/\/www.w3.org\/2000\/svg\"><path d=\"M100.28 448H7.4V148.9h92.88zM53.79 108.1C24.09 108.1 0 83.5 0 53.8a53.79 53.79 0 0 1 107.58 0c0 29.7-24.1 54.3-53.79 54.3zM447.9 448h-92.68V302.4c0-34.7-.7-79.2-48.29-79.2-48.29 0-55.69 37.7-55.69 76.7V448h-92.78V148.9h89.08v40.8h1.3c12.4-23.5 42.69-48.3 87.88-48.3 94 0 111.28 61.9 111.28 142.3V448z\"><\/path><\/svg>\t\t\t<\/a>\n\t\t<\/div>\n\t\t\t\t\t\t<\/div>\n\t\t\t\t<\/div>\n\t\t\t\t<\/div>\n\t\t\t\t<\/div>\n\t\t<div class=\"elementor-element elementor-element-bbbf5a9 e-con-full animated-slow elementor-hidden-desktop elementor-hidden-tablet elementor-hidden-mobile e-flex elementor-invisible e-con e-child\" data-id=\"bbbf5a9\" data-element_type=\"container\" data-e-type=\"container\" data-settings=\"{&quot;animation&quot;:&quot;bounceInUp&quot;,&quot;animation_delay&quot;:800}\">\n\t\t\t\t<div class=\"elementor-element elementor-element-7c17ce5 elementor-widget elementor-widget-heading\" data-id=\"7c17ce5\" data-element_type=\"widget\" data-e-type=\"widget\" data-widget_type=\"heading.default\">\n\t\t\t\t<div class=\"elementor-widget-container\">\n\t\t\t\t\t<p class=\"elementor-heading-title elementor-size-default\">Suscr\u00edbete al bolet\u00edn de noticias<\/p>\t\t\t\t<\/div>\n\t\t\t\t<\/div>\n\t\t<div class=\"elementor-element elementor-element-13d448a e-con-full e-flex e-con e-child\" data-id=\"13d448a\" data-element_type=\"container\" data-e-type=\"container\" data-settings=\"{&quot;background_background&quot;:&quot;classic&quot;}\">\n\t\t\t\t<\/div>\n\t\t\t\t<\/div>\n\t\t\t\t<\/div>\n\t\t<div class=\"elementor-element elementor-element-843040c e-con-full e-flex e-con e-child\" data-id=\"843040c\" data-element_type=\"container\" data-e-type=\"container\" data-settings=\"{&quot;background_background&quot;:&quot;classic&quot;}\">\n\t\t\t\t<div class=\"elementor-element elementor-element-7033dcb elementor-widget elementor-widget-heading\" data-id=\"7033dcb\" data-element_type=\"widget\" data-e-type=\"widget\" data-widget_type=\"heading.default\">\n\t\t\t\t<div class=\"elementor-widget-container\">\n\t\t\t\t\t<p class=\"elementor-heading-title elementor-size-default\">Escr\u00edbenos ahora<\/p>\t\t\t\t<\/div>\n\t\t\t\t<\/div>\n\t\t\t\t<div class=\"elementor-element elementor-element-5bb8994 elementor-widget elementor-widget-text-editor\" data-id=\"5bb8994\" data-element_type=\"widget\" data-e-type=\"widget\" data-widget_type=\"text-editor.default\">\n\t\t\t\t<div class=\"elementor-widget-container\">\n\t\t\t\t\t\t\t\t\t<p>Explica tu proyecto  <\/p>\t\t\t\t\t\t\t\t<\/div>\n\t\t\t\t<\/div>\n\t\t\t\t<div class=\"elementor-element elementor-element-00e46ed elementor-widget elementor-widget-html\" data-id=\"00e46ed\" data-element_type=\"widget\" data-e-type=\"widget\" data-widget_type=\"html.default\">\n\t\t\t\t<div class=\"elementor-widget-container\">\n\t\t\t\t\t\n<div class=\"wpcf7 no-js\" id=\"wpcf7-f7839-o1\" lang=\"it-IT\" dir=\"ltr\" data-wpcf7-id=\"7839\">\n<div class=\"screen-reader-response\"><p role=\"status\" aria-live=\"polite\" aria-atomic=\"true\"><\/p> <ul><\/ul><\/div>\n<form action=\"\/es\/wp-json\/wp\/v2\/pages\/8910#wpcf7-f7839-o1\" method=\"post\" class=\"wpcf7-form init\" aria-label=\"Modulo di contatto\" novalidate=\"novalidate\" data-status=\"init\">\n<fieldset class=\"hidden-fields-container\"><input type=\"hidden\" name=\"_wpcf7\" value=\"7839\" \/><input type=\"hidden\" name=\"_wpcf7_version\" value=\"6.1.5\" \/><input type=\"hidden\" name=\"_wpcf7_locale\" value=\"it_IT\" \/><input type=\"hidden\" name=\"_wpcf7_unit_tag\" value=\"wpcf7-f7839-o1\" \/><input type=\"hidden\" name=\"_wpcf7_container_post\" value=\"0\" \/><input type=\"hidden\" name=\"_wpcf7_posted_data_hash\" value=\"\" \/><input type=\"hidden\" name=\"_wpcf7_recaptcha_response\" value=\"\" \/>\n<\/fieldset>\n<div class=\"wpcf7-form\">\n\t<p><span class=\"wpcf7-form-control-wrap\" data-name=\"nome\"><input size=\"40\" maxlength=\"400\" class=\"wpcf7-form-control wpcf7-text wpcf7-validates-as-required\" aria-required=\"true\" aria-invalid=\"false\" placeholder=\"Nome \/ Ragione Soc.\" value=\"\" type=\"text\" name=\"nome\" \/><\/span>\n\t<\/p>\n\t<p><span class=\"wpcf7-form-control-wrap\" data-name=\"email\"><input size=\"40\" maxlength=\"400\" class=\"wpcf7-form-control wpcf7-email wpcf7-validates-as-required wpcf7-text wpcf7-validates-as-email\" aria-required=\"true\" aria-invalid=\"false\" placeholder=\"Email\" value=\"\" type=\"email\" name=\"email\" \/><\/span>\n\t<\/p>\n\t<p><span class=\"wpcf7-form-control-wrap\" data-name=\"azienda\"><input size=\"40\" maxlength=\"400\" class=\"wpcf7-form-control wpcf7-text\" aria-invalid=\"false\" placeholder=\"Azienda\" value=\"\" type=\"text\" name=\"azienda\" \/><\/span>\n\t<\/p>\n\t<p><span class=\"wpcf7-form-control-wrap\" data-name=\"messaggio\"><textarea cols=\"40\" rows=\"10\" maxlength=\"2000\" class=\"wpcf7-form-control wpcf7-textarea wpcf7-validates-as-required\" aria-required=\"true\" aria-invalid=\"false\" placeholder=\"Messaggio\" name=\"messaggio\"><\/textarea><\/span>\n\t<\/p>\n\t<div style=\"display: flex; align-items: center; flex-wrap: wrap; gap: 5px; margin-bottom: 20px; font-size: 14px;\">\n\t\t<p><span class=\"wpcf7-form-control-wrap\" data-name=\"privacy-policy\"><span class=\"wpcf7-form-control wpcf7-checkbox wpcf7-validates-as-required\"><span class=\"wpcf7-list-item first last\"><input type=\"checkbox\" name=\"privacy-policy[]\" value=\"Ho letto e accetto\" \/><span class=\"wpcf7-list-item-label\">Ho letto e accetto<\/span><\/span><\/span><\/span><br \/>\n<a class=\"iubenda-nostyle no-brand iubenda-noiframe iubenda-embed iubenda-noiframe\"\n       style=\"color: #203f89; text-decoration: none;\"\n       title=\"Privacy Policy\"\n       href=\"https:\/\/www.iubenda.com\/privacy-policy\/22242575\"\n       target=\"_blank\">la Privacy Policy<\/a>\n\t\t<\/p>\n\t<\/div>\n\t<p><input class=\"wpcf7-form-control wpcf7-submit has-spinner\" type=\"submit\" value=\"Invia\" \/>\n\t<\/p>\n<\/div>\n<style>\n\/* Stile generale del modulo *\/\n.wpcf7-form {\n max-width: 100%;\n padding: 20px;\n}\n\n\/* Stile dei campi di input e textarea *\/\n.wpcf7-form input[type=\"text\"],\n.wpcf7-form input[type=\"email\"],\n.wpcf7-form textarea {\n width: 100%;\n padding: 10px;\n margin-bottom: 15px;\n border: 1px solid #ccc;\n border-radius: 8px;\n background: #fff;\n box-shadow: 0 2px 4px rgba(0, 0, 0, 0.1);\n font-size: 14px;\n}\n\n\/* Stile della checkbox *\/\n.wpcf7-form input[type=\"checkbox\"] {\n margin-right: 10px;\n transform: scale(1.2);\n}\n\n\/* Stile del pulsante submit *\/\n.wpcf7-form input[type=\"submit\"] {\n background-color: #007BFF;\n color: #fff;\n padding: 10px 20px;\n border: none;\n border-radius: 8px;\n cursor: pointer;\n transition: background-color 0.3s;\n font-size: 16px;\n text-transform: uppercase;\n}\n.wpcf7-form input[type=\"submit\"]:hover {\n background-color: #0056b3;\n}\n\n\/* Placeholder visibili *\/\n.wpcf7-form ::placeholder {\n color: #999;\n font-style: italic;\n opacity: 1;\n}\n\n\/* Responsivit\u00e0 per schermi piccoli *\/\n@media (max-width: 768px) {\n .wpcf7-form {\n padding: 10px;\n }\n .wpcf7-form input[type=\"submit\"] {\n width: 100%;\n }\n}\n<\/style><div class=\"wpcf7-response-output\" aria-hidden=\"true\"><\/div>\n<\/form>\n<\/div>\n\t\t\t\t<\/div>\n\t\t\t\t<\/div>\n\t\t\t\t<\/div>\n\t\t\t\t\t<\/div>\n\t\t\t\t<\/div>\n\t\t<div class=\"elementor-element elementor-element-97ef4fa e-con-full e-flex e-con e-parent\" data-id=\"97ef4fa\" data-element_type=\"container\" data-e-type=\"container\">\n\t\t\t\t<div class=\"elementor-element elementor-element-4729998 elementor-widget elementor-widget-html\" data-id=\"4729998\" data-element_type=\"widget\" data-e-type=\"widget\" data-widget_type=\"html.default\">\n\t\t\t\t<div class=\"elementor-widget-container\">\n\t\t\t\t\t<div class=\"map-bnw\">\n  <iframe src=\"https:\/\/www.google.com\/maps\/embed?pb=!1m18!1m12!1m3!1d2810.8186287448807!2d9.142067712548547!3d45.211005570950356!2m3!1f0!2f0!3f0!3m2!1i1024!2i768!4f13.1!3m3!1m2!1s0x4787270bda21e83b%3A0x592e78930e4605c3!2sCIMMA%20MORANDOTTI%20S.P.A.!5e0!3m2!1sit!2sit!4v1744035739999!5m2!1sit!2sit\" width=\"600\" height=\"450\" style=\"border:0;\" allowfullscreen=\"\" loading=\"lazy\" referrerpolicy=\"no-referrer-when-downgrade\"><\/iframe>\n<\/div>\n\t\t\t\t<\/div>\n\t\t\t\t<\/div>\n\t\t\t\t<\/div>\n\t\t\t\t<\/div>\n\t\t","protected":false},"excerpt":{"rendered":"Casa Dir\u00edgete a nosotros Siempre estamos dispuestos a escucharte y responder a tus necesidades. Sede central Via Quaglino, 14\/1627100 Pav\u00eda Tel\u00e9fono Tel. (+39) 0382.422012 Env\u00eda un correo electr\u00f3nico a commerciale@cimma.it Mantente al d\u00eda Suscr\u00edbete al bolet\u00edn de noticias Escr\u00edbenos ahora Explica tu proyecto\n","protected":false},"author":1,"featured_media":0,"parent":0,"menu_order":0,"comment_status":"closed","ping_status":"open","template":"full-width.php","meta":{"_acf_changed":false,"footnotes":""},"class_list":["post-8910","page","type-page","status-publish","hentry"],"acf":[],"yoast_head":"<!-- This site is optimized with the Yoast SEO plugin v27.2 - https:\/\/yoast.com\/product\/yoast-seo-wordpress\/ -->\n<title>CIMMA- Solicitar informaci\u00f3n sobre plantas de materias primas<\/title>\n<meta name=\"description\" content=\"Ponte en contacto con Cimma para obtener informaci\u00f3n sobre plantas personalizadas de trituraci\u00f3n, molienda, pulverizaci\u00f3n y mucho m\u00e1s. Estamos en Pav\u00eda, listos para responder a todas tus necesidades, en todo el mundo.\" \/>\n<meta name=\"robots\" content=\"index, follow, max-snippet:-1, max-image-preview:large, max-video-preview:-1\" \/>\n<link rel=\"canonical\" href=\"https:\/\/cimma.it\/es\/contacte-con-nosotros\/\" \/>\n<meta property=\"og:locale\" content=\"es_ES\" \/>\n<meta property=\"og:type\" content=\"article\" \/>\n<meta property=\"og:title\" content=\"CIMMA- Solicitar informaci\u00f3n sobre plantas de materias primas\" \/>\n<meta property=\"og:description\" content=\"Ponte en contacto con Cimma para obtener informaci\u00f3n sobre plantas personalizadas de trituraci\u00f3n, molienda, pulverizaci\u00f3n y mucho m\u00e1s. Estamos en Pav\u00eda, listos para responder a todas tus necesidades, en todo el mundo.\" \/>\n<meta property=\"og:url\" content=\"https:\/\/cimma.it\/es\/contacte-con-nosotros\/\" \/>\n<meta property=\"og:site_name\" content=\"Cimma Morandotti S.P.A.\" \/>\n<meta property=\"article:modified_time\" content=\"2025-07-16T13:25:58+00:00\" \/>\n<meta property=\"og:image\" content=\"https:\/\/cimma.it\/wp-content\/uploads\/2025\/02\/cimma_impianti_e_macchine_per_tecnologia_polveri.png\" \/>\n<meta name=\"twitter:card\" content=\"summary_large_image\" \/>\n<meta name=\"twitter:label1\" content=\"Tiempo de lectura\" \/>\n\t<meta name=\"twitter:data1\" content=\"1 minuto\" \/>\n<script type=\"application\/ld+json\" class=\"yoast-schema-graph\">{\"@context\":\"https:\/\/schema.org\",\"@graph\":[{\"@type\":\"WebPage\",\"@id\":\"https:\/\/cimma.it\/es\/contacte-con-nosotros\/\",\"url\":\"https:\/\/cimma.it\/es\/contacte-con-nosotros\/\",\"name\":\"CIMMA- Solicitar informaci\u00f3n sobre plantas de materias primas\",\"isPartOf\":{\"@id\":\"https:\/\/cimma.it\/es\/#website\"},\"datePublished\":\"2021-02-25T10:53:28+00:00\",\"dateModified\":\"2025-07-16T13:25:58+00:00\",\"description\":\"Ponte en contacto con Cimma para obtener informaci\u00f3n sobre plantas personalizadas de trituraci\u00f3n, molienda, pulverizaci\u00f3n y mucho m\u00e1s. Estamos en Pav\u00eda, listos para responder a todas tus necesidades, en todo el mundo.\",\"breadcrumb\":{\"@id\":\"https:\/\/cimma.it\/es\/contacte-con-nosotros\/#breadcrumb\"},\"inLanguage\":\"es\",\"potentialAction\":[{\"@type\":\"ReadAction\",\"target\":[\"https:\/\/cimma.it\/es\/contacte-con-nosotros\/\"]}]},{\"@type\":\"BreadcrumbList\",\"@id\":\"https:\/\/cimma.it\/es\/contacte-con-nosotros\/#breadcrumb\",\"itemListElement\":[{\"@type\":\"ListItem\",\"position\":1,\"name\":\"Home\",\"item\":\"https:\/\/cimma.it\/es\/\"},{\"@type\":\"ListItem\",\"position\":2,\"name\":\"Ponte en contacto con\"}]},{\"@type\":\"WebSite\",\"@id\":\"https:\/\/cimma.it\/es\/#website\",\"url\":\"https:\/\/cimma.it\/es\/\",\"name\":\"Cimma Morandotti S.P.A.\",\"description\":\"Progettazione e costruzione di macchine e impianti per la tecnologia delle polveri\",\"publisher\":{\"@id\":\"https:\/\/cimma.it\/es\/#organization\"},\"alternateName\":\"Cimma Morandotti S.P.A.\",\"potentialAction\":[{\"@type\":\"SearchAction\",\"target\":{\"@type\":\"EntryPoint\",\"urlTemplate\":\"https:\/\/cimma.it\/es\/?s={search_term_string}\"},\"query-input\":{\"@type\":\"PropertyValueSpecification\",\"valueRequired\":true,\"valueName\":\"search_term_string\"}}],\"inLanguage\":\"es\"},{\"@type\":\"Organization\",\"@id\":\"https:\/\/cimma.it\/es\/#organization\",\"name\":\"Cimma Morandotti S.P.A.\",\"alternateName\":\"Cimma Morandotti S.P.A.\",\"url\":\"https:\/\/cimma.it\/es\/\",\"logo\":{\"@type\":\"ImageObject\",\"inLanguage\":\"es\",\"@id\":\"https:\/\/cimma.it\/es\/#\/schema\/logo\/image\/\",\"url\":\"https:\/\/cimma.it\/wp-content\/uploads\/2025\/07\/cimma_logo_C.png\",\"contentUrl\":\"https:\/\/cimma.it\/wp-content\/uploads\/2025\/07\/cimma_logo_C.png\",\"width\":1733,\"height\":1733,\"caption\":\"Cimma Morandotti S.P.A.\"},\"image\":{\"@id\":\"https:\/\/cimma.it\/es\/#\/schema\/logo\/image\/\"},\"sameAs\":[\"https:\/\/it.linkedin.com\/company\/cimma-ing-morandotti-c-srl\"]}]}<\/script>\n<!-- \/ Yoast SEO plugin. -->","yoast_head_json":{"title":"CIMMA- Solicitar informaci\u00f3n sobre plantas de materias primas","description":"Ponte en contacto con Cimma para obtener informaci\u00f3n sobre plantas personalizadas de trituraci\u00f3n, molienda, pulverizaci\u00f3n y mucho m\u00e1s. Estamos en Pav\u00eda, listos para responder a todas tus necesidades, en todo el mundo.","robots":{"index":"index","follow":"follow","max-snippet":"max-snippet:-1","max-image-preview":"max-image-preview:large","max-video-preview":"max-video-preview:-1"},"canonical":"https:\/\/cimma.it\/es\/contacte-con-nosotros\/","og_locale":"es_ES","og_type":"article","og_title":"CIMMA- Solicitar informaci\u00f3n sobre plantas de materias primas","og_description":"Ponte en contacto con Cimma para obtener informaci\u00f3n sobre plantas personalizadas de trituraci\u00f3n, molienda, pulverizaci\u00f3n y mucho m\u00e1s. Estamos en Pav\u00eda, listos para responder a todas tus necesidades, en todo el mundo.","og_url":"https:\/\/cimma.it\/es\/contacte-con-nosotros\/","og_site_name":"Cimma Morandotti S.P.A.","article_modified_time":"2025-07-16T13:25:58+00:00","og_image":[{"url":"https:\/\/cimma.it\/wp-content\/uploads\/2025\/02\/cimma_impianti_e_macchine_per_tecnologia_polveri.png","type":"","width":"","height":""}],"twitter_card":"summary_large_image","twitter_misc":{"Tiempo de lectura":"1 minuto"},"schema":{"@context":"https:\/\/schema.org","@graph":[{"@type":"WebPage","@id":"https:\/\/cimma.it\/es\/contacte-con-nosotros\/","url":"https:\/\/cimma.it\/es\/contacte-con-nosotros\/","name":"CIMMA- Solicitar informaci\u00f3n sobre plantas de materias primas","isPartOf":{"@id":"https:\/\/cimma.it\/es\/#website"},"datePublished":"2021-02-25T10:53:28+00:00","dateModified":"2025-07-16T13:25:58+00:00","description":"Ponte en contacto con Cimma para obtener informaci\u00f3n sobre plantas personalizadas de trituraci\u00f3n, molienda, pulverizaci\u00f3n y mucho m\u00e1s. Estamos en Pav\u00eda, listos para responder a todas tus necesidades, en todo el mundo.","breadcrumb":{"@id":"https:\/\/cimma.it\/es\/contacte-con-nosotros\/#breadcrumb"},"inLanguage":"es","potentialAction":[{"@type":"ReadAction","target":["https:\/\/cimma.it\/es\/contacte-con-nosotros\/"]}]},{"@type":"BreadcrumbList","@id":"https:\/\/cimma.it\/es\/contacte-con-nosotros\/#breadcrumb","itemListElement":[{"@type":"ListItem","position":1,"name":"Home","item":"https:\/\/cimma.it\/es\/"},{"@type":"ListItem","position":2,"name":"Ponte en contacto con"}]},{"@type":"WebSite","@id":"https:\/\/cimma.it\/es\/#website","url":"https:\/\/cimma.it\/es\/","name":"Cimma Morandotti S.P.A.","description":"Progettazione e costruzione di macchine e impianti per la tecnologia delle polveri","publisher":{"@id":"https:\/\/cimma.it\/es\/#organization"},"alternateName":"Cimma Morandotti S.P.A.","potentialAction":[{"@type":"SearchAction","target":{"@type":"EntryPoint","urlTemplate":"https:\/\/cimma.it\/es\/?s={search_term_string}"},"query-input":{"@type":"PropertyValueSpecification","valueRequired":true,"valueName":"search_term_string"}}],"inLanguage":"es"},{"@type":"Organization","@id":"https:\/\/cimma.it\/es\/#organization","name":"Cimma Morandotti S.P.A.","alternateName":"Cimma Morandotti S.P.A.","url":"https:\/\/cimma.it\/es\/","logo":{"@type":"ImageObject","inLanguage":"es","@id":"https:\/\/cimma.it\/es\/#\/schema\/logo\/image\/","url":"https:\/\/cimma.it\/wp-content\/uploads\/2025\/07\/cimma_logo_C.png","contentUrl":"https:\/\/cimma.it\/wp-content\/uploads\/2025\/07\/cimma_logo_C.png","width":1733,"height":1733,"caption":"Cimma Morandotti S.P.A."},"image":{"@id":"https:\/\/cimma.it\/es\/#\/schema\/logo\/image\/"},"sameAs":["https:\/\/it.linkedin.com\/company\/cimma-ing-morandotti-c-srl"]}]}},"_links":{"self":[{"href":"https:\/\/cimma.it\/es\/wp-json\/wp\/v2\/pages\/8910","targetHints":{"allow":["GET"]}}],"collection":[{"href":"https:\/\/cimma.it\/es\/wp-json\/wp\/v2\/pages"}],"about":[{"href":"https:\/\/cimma.it\/es\/wp-json\/wp\/v2\/types\/page"}],"author":[{"embeddable":true,"href":"https:\/\/cimma.it\/es\/wp-json\/wp\/v2\/users\/1"}],"replies":[{"embeddable":true,"href":"https:\/\/cimma.it\/es\/wp-json\/wp\/v2\/comments?post=8910"}],"version-history":[{"count":0,"href":"https:\/\/cimma.it\/es\/wp-json\/wp\/v2\/pages\/8910\/revisions"}],"wp:attachment":[{"href":"https:\/\/cimma.it\/es\/wp-json\/wp\/v2\/media?parent=8910"}],"curies":[{"name":"wp","href":"https:\/\/api.w.org\/{rel}","templated":true}]}}